{"id":418,"date":"2024-05-13T16:24:49","date_gmt":"2024-05-13T16:24:49","guid":{"rendered":"https:\/\/www.soilconservation.eu\/new\/?page_id=418"},"modified":"2025-02-14T16:35:13","modified_gmt":"2025-02-14T16:35:13","slug":"essc-awards","status":"publish","type":"page","link":"https:\/\/www.soilconservation.eu\/new\/?page_id=418","title":{"rendered":"ESSC Awards"},"content":{"rendered":"<h4>The ESSC Awards<\/h4>\n<p>Starting with the second international congress (1996), the Council of the ESSC has agreed that every four years, the Society make awards to those who have made signi\ufb01cant contributions to the promotion of soil conservation in Europe. The awards are:<\/p>\n<p>The <strong>Gerold Richter Award:<\/strong> for outstanding contributions to soil conservation and protection within Europe. This is awarded to a person who has, over the period of his or her career, made significant and internationally recognized contributions to the investigation and\/or promotion of soil conservation in Europe. The contributions may be in research, practice, policy-making or any other activity deemed appropriate. The recipient should be a member of the ESSC even if this is not mandatory.<\/p>\n<p><em><strong>Recipients<\/strong><\/em><\/p>\n<p>Silsoe 1996 <strong>Giancarlo Chisci<\/strong> (Italy)<\/p>\n<p>Valencia 2000 <strong>Roy Morgan<\/strong> (UK)<\/p>\n<p>Budapest 2004 <strong>\u00c1d\u00e1m Kert\u00e9sz<\/strong> (Hungary) &amp; Anton Imeson (UK)<span class=\"Apple-converted-space\">&nbsp;<\/span><\/p>\n<p>Palermo 2007 <strong>N. Yassouglou<\/strong> (Greece)<\/p>\n<p>Thessaloniki 2011 Jos\u00e8 Luis Rubio (Spain)<\/p>\n<p>Moscow 2015 Michael Fullen (UK) &amp; <strong>Ildefonso Pla Sentis<\/strong> (Spain)<\/p>\n<p>Tirana 2019 <strong>Edoardo A. C. Costantini<\/strong> (Italy)<\/p>\n<p>The ESSC <strong>Young Person\u2019s Award<\/strong> for the understanding and promotion of soil conservation in Europe. This is awarded to a member of the Society, aged 40 years or under, who over the previous four years has made an important contribution to soil conservation in Europe through research, practice, policy-making or any other activity deemed appropriate.<\/p>\n<p><em><strong>Recipients<\/strong><\/em><\/p>\n<p>Silsoe 1996 <strong>Dr J\u00fcrgen Schmidt<\/strong> (Germany)<\/p>\n<p>Valencia 2000 <strong>Dr Stefan Doerr<\/strong> (UK)<\/p>\n<p>Budapest 2004 no-one<\/p>\n<p>Palermo 2007 no-one<\/p>\n<p>Thessaloniki 2011 no-one<\/p>\n<p>Moscow 2015 <strong>Dr Maria Fantappi\u00e8<\/strong> (Italy)<\/p>\n<p>Tirana 2019 <strong>Dr Alexey Dymov<\/strong>&nbsp;(Russia)<\/p>\n","protected":false},"excerpt":{"rendered":"<p>The ESSC Awards Starting with the second international congress (1996), the Council of the ESSC has agreed that every four years, the Society make awards to those who have made signi\ufb01cant contributions to the promotion of soil conservation in Europe. The awards are: The Gerold Richter Award: for outstanding contributions to soil conservation and protection &hellip;<br \/><a href=\"https:\/\/www.soilconservation.eu\/new\/?page_id=418\" class=\"more-link pen_button pen_element_default pen_icon_arrow_double\">Continue reading <span class=\"screen-reader-text\">ESSC Awards<\/span><\/a><\/p>\n","protected":false},"author":1,"featured_media":0,"parent":0,"menu_order":0,"comment_status":"closed","ping_status":"closed","template":"","meta":{"_monsterinsights_skip_tracking":false,"_monsterinsights_sitenote_active":false,"_monsterinsights_sitenote_note":"","_monsterinsights_sitenote_category":0,"ngg_post_thumbnail":0,"footnotes":""},"class_list":["post-418","page","type-page","status-publish","hentry"],"yoast_head":"<!-- This site is optimized with the Yoast SEO plugin v26.3 - https:\/\/yoast.com\/wordpress\/plugins\/seo\/ -->\n<title>ESSC Awards - European Society for Soil Conservation<\/title>\n<meta name=\"robots\" content=\"index, follow, max-snippet:-1, max-image-preview:large, max-video-preview:-1\" \/>\n<link rel=\"canonical\" href=\"https:\/\/www.soilconservation.eu\/new\/?page_id=418\" \/>\n<meta property=\"og:locale\" content=\"en_US\" \/>\n<meta property=\"og:type\" content=\"article\" \/>\n<meta property=\"og:title\" content=\"ESSC Awards - European Society for Soil Conservation\" \/>\n<meta property=\"og:description\" content=\"The ESSC Awards Starting with the second international congress (1996), the Council of the ESSC has agreed that every four years, the Society make awards to those who have made signi\ufb01cant contributions to the promotion of soil conservation in Europe. The awards are: The Gerold Richter Award: for outstanding contributions to soil conservation and protection &hellip;Continue reading ESSC Awards\" \/>\n<meta property=\"og:url\" content=\"https:\/\/www.soilconservation.eu\/new\/?page_id=418\" \/>\n<meta property=\"og:site_name\" content=\"European Society for Soil Conservation\" \/>\n<meta property=\"article:modified_time\" content=\"2025-02-14T16:35:13+00:00\" \/>\n<meta name=\"twitter:card\" content=\"summary_large_image\" \/>\n<meta name=\"twitter:label1\" content=\"Est. reading time\" \/>\n\t<meta name=\"twitter:data1\" content=\"2 minutes\" \/>\n<script type=\"application\/ld+json\" class=\"yoast-schema-graph\">{\"@context\":\"https:\/\/schema.org\",\"@graph\":[{\"@type\":\"WebPage\",\"@id\":\"https:\/\/www.soilconservation.eu\/new\/?page_id=418\",\"url\":\"https:\/\/www.soilconservation.eu\/new\/?page_id=418\",\"name\":\"ESSC Awards - European Society for Soil Conservation\",\"isPartOf\":{\"@id\":\"https:\/\/www.soilconservation.eu\/new\/#website\"},\"datePublished\":\"2024-05-13T16:24:49+00:00\",\"dateModified\":\"2025-02-14T16:35:13+00:00\",\"breadcrumb\":{\"@id\":\"https:\/\/www.soilconservation.eu\/new\/?page_id=418#breadcrumb\"},\"inLanguage\":\"en-US\",\"potentialAction\":[{\"@type\":\"ReadAction\",\"target\":[\"https:\/\/www.soilconservation.eu\/new\/?page_id=418\"]}]},{\"@type\":\"BreadcrumbList\",\"@id\":\"https:\/\/www.soilconservation.eu\/new\/?page_id=418#breadcrumb\",\"itemListElement\":[{\"@type\":\"ListItem\",\"position\":1,\"name\":\"Home\",\"item\":\"https:\/\/www.soilconservation.eu\/new\"},{\"@type\":\"ListItem\",\"position\":2,\"name\":\"ESSC Awards\"}]},{\"@type\":\"WebSite\",\"@id\":\"https:\/\/www.soilconservation.eu\/new\/#website\",\"url\":\"https:\/\/www.soilconservation.eu\/new\/\",\"name\":\"European Society for Soil Conservation\",\"description\":\"\",\"publisher\":{\"@id\":\"https:\/\/www.soilconservation.eu\/new\/#organization\"},\"potentialAction\":[{\"@type\":\"SearchAction\",\"target\":{\"@type\":\"EntryPoint\",\"urlTemplate\":\"https:\/\/www.soilconservation.eu\/new\/?s={search_term_string}\"},\"query-input\":{\"@type\":\"PropertyValueSpecification\",\"valueRequired\":true,\"valueName\":\"search_term_string\"}}],\"inLanguage\":\"en-US\"},{\"@type\":\"Organization\",\"@id\":\"https:\/\/www.soilconservation.eu\/new\/#organization\",\"name\":\"European Society for Soil Conservation\",\"url\":\"https:\/\/www.soilconservation.eu\/new\/\",\"logo\":{\"@type\":\"ImageObject\",\"inLanguage\":\"en-US\",\"@id\":\"https:\/\/www.soilconservation.eu\/new\/#\/schema\/logo\/image\/\",\"url\":\"https:\/\/www.soilconservation.eu\/new\/wp-content\/uploads\/2024\/04\/essc_blue.png\",\"contentUrl\":\"https:\/\/www.soilconservation.eu\/new\/wp-content\/uploads\/2024\/04\/essc_blue.png\",\"width\":200,\"height\":35,\"caption\":\"European Society for Soil Conservation\"},\"image\":{\"@id\":\"https:\/\/www.soilconservation.eu\/new\/#\/schema\/logo\/image\/\"}}]}<\/script>\n<!-- \/ Yoast SEO plugin. -->","yoast_head_json":{"title":"ESSC Awards - European Society for Soil Conservation","robots":{"index":"index","follow":"follow","max-snippet":"max-snippet:-1","max-image-preview":"max-image-preview:large","max-video-preview":"max-video-preview:-1"},"canonical":"https:\/\/www.soilconservation.eu\/new\/?page_id=418","og_locale":"en_US","og_type":"article","og_title":"ESSC Awards - European Society for Soil Conservation","og_description":"The ESSC Awards Starting with the second international congress (1996), the Council of the ESSC has agreed that every four years, the Society make awards to those who have made signi\ufb01cant contributions to the promotion of soil conservation in Europe. The awards are: The Gerold Richter Award: for outstanding contributions to soil conservation and protection &hellip;Continue reading ESSC Awards","og_url":"https:\/\/www.soilconservation.eu\/new\/?page_id=418","og_site_name":"European Society for Soil Conservation","article_modified_time":"2025-02-14T16:35:13+00:00","twitter_card":"summary_large_image","twitter_misc":{"Est. reading time":"2 minutes"},"schema":{"@context":"https:\/\/schema.org","@graph":[{"@type":"WebPage","@id":"https:\/\/www.soilconservation.eu\/new\/?page_id=418","url":"https:\/\/www.soilconservation.eu\/new\/?page_id=418","name":"ESSC Awards - European Society for Soil Conservation","isPartOf":{"@id":"https:\/\/www.soilconservation.eu\/new\/#website"},"datePublished":"2024-05-13T16:24:49+00:00","dateModified":"2025-02-14T16:35:13+00:00","breadcrumb":{"@id":"https:\/\/www.soilconservation.eu\/new\/?page_id=418#breadcrumb"},"inLanguage":"en-US","potentialAction":[{"@type":"ReadAction","target":["https:\/\/www.soilconservation.eu\/new\/?page_id=418"]}]},{"@type":"BreadcrumbList","@id":"https:\/\/www.soilconservation.eu\/new\/?page_id=418#breadcrumb","itemListElement":[{"@type":"ListItem","position":1,"name":"Home","item":"https:\/\/www.soilconservation.eu\/new"},{"@type":"ListItem","position":2,"name":"ESSC Awards"}]},{"@type":"WebSite","@id":"https:\/\/www.soilconservation.eu\/new\/#website","url":"https:\/\/www.soilconservation.eu\/new\/","name":"European Society for Soil Conservation","description":"","publisher":{"@id":"https:\/\/www.soilconservation.eu\/new\/#organization"},"potentialAction":[{"@type":"SearchAction","target":{"@type":"EntryPoint","urlTemplate":"https:\/\/www.soilconservation.eu\/new\/?s={search_term_string}"},"query-input":{"@type":"PropertyValueSpecification","valueRequired":true,"valueName":"search_term_string"}}],"inLanguage":"en-US"},{"@type":"Organization","@id":"https:\/\/www.soilconservation.eu\/new\/#organization","name":"European Society for Soil Conservation","url":"https:\/\/www.soilconservation.eu\/new\/","logo":{"@type":"ImageObject","inLanguage":"en-US","@id":"https:\/\/www.soilconservation.eu\/new\/#\/schema\/logo\/image\/","url":"https:\/\/www.soilconservation.eu\/new\/wp-content\/uploads\/2024\/04\/essc_blue.png","contentUrl":"https:\/\/www.soilconservation.eu\/new\/wp-content\/uploads\/2024\/04\/essc_blue.png","width":200,"height":35,"caption":"European Society for Soil Conservation"},"image":{"@id":"https:\/\/www.soilconservation.eu\/new\/#\/schema\/logo\/image\/"}}]}},"_links":{"self":[{"href":"https:\/\/www.soilconservation.eu\/new\/index.php?rest_route=\/wp\/v2\/pages\/418","targetHints":{"allow":["GET"]}}],"collection":[{"href":"https:\/\/www.soilconservation.eu\/new\/index.php?rest_route=\/wp\/v2\/pages"}],"about":[{"href":"https:\/\/www.soilconservation.eu\/new\/index.php?rest_route=\/wp\/v2\/types\/page"}],"author":[{"embeddable":true,"href":"https:\/\/www.soilconservation.eu\/new\/index.php?rest_route=\/wp\/v2\/users\/1"}],"replies":[{"embeddable":true,"href":"https:\/\/www.soilconservation.eu\/new\/index.php?rest_route=%2Fwp%2Fv2%2Fcomments&post=418"}],"version-history":[{"count":1,"href":"https:\/\/www.soilconservation.eu\/new\/index.php?rest_route=\/wp\/v2\/pages\/418\/revisions"}],"predecessor-version":[{"id":419,"href":"https:\/\/www.soilconservation.eu\/new\/index.php?rest_route=\/wp\/v2\/pages\/418\/revisions\/419"}],"wp:attachment":[{"href":"https:\/\/www.soilconservation.eu\/new\/index.php?rest_route=%2Fwp%2Fv2%2Fmedia&parent=418"}],"curies":[{"name":"wp","href":"https:\/\/api.w.org\/{rel}","templated":true}]}}