{"id":19,"date":"2023-11-12T17:21:24","date_gmt":"2023-11-12T17:21:24","guid":{"rendered":"https:\/\/www.soilconservation.eu\/new\/?page_id=19"},"modified":"2025-02-14T16:35:13","modified_gmt":"2025-02-14T16:35:13","slug":"contacts","status":"publish","type":"page","link":"https:\/\/www.soilconservation.eu\/new\/?page_id=19","title":{"rendered":"Contacts"},"content":{"rendered":"\r\n<p>President: <strong>Lillian \u00d8ygarden,<\/strong> Norway, <a href=\"mailto:lillian.oygarden@nibio.no\">mail<\/a><\/p>\r\n<p>Secretary: <strong>Giuseppe Lo Papa,<\/strong> Italy, <a href=\"mailto:giuseppe.lopapa@unipa.it\">mail<\/a><\/p>\r\n<p>Treasurer: <strong>Prof. Dr. Wim Cornelis,<\/strong> Belgium, <a href=\"mailto:Wim.Cornelis@UGent.be\">mail<\/a><\/p>\r\n<p>Editor Newsletter: Beata Hou\u0161kov\u00e1, Slovakia, <a href=\"beata.houskova@nppc.sk\">mail<\/a><\/p>\r\n<p>Editor in chief:<\/p>\r\n<p>Vice president: <strong>Pandi Zdruli,<\/strong> Albania, <a href=\"mailto:pandi@iamb.it\">mail<\/a><\/p>\r\n<p>Vice president: <strong>Bo\u0159ivoj \u0160arapatka,<\/strong> Czech Republic, <a href=\"mailto:borivoj.sarapatka@seznam.cz\">mail<\/a><\/p>\r\n<p>Past president: <strong>Carmello Dazzi,<\/strong> Italy, <a href=\"mailto:carmelo.dazzi@unipa.it\">mail<\/a><\/p>\r\n<p>Webpage administrator: <strong>Karol V\u00e9gh,<\/strong> Slovakia, <a href=\"kajove@gmail.com\">mail<\/a><\/p>\r\n","protected":false},"excerpt":{"rendered":"<p>President: Lillian \u00d8ygarden, Norway, mail Secretary: Giuseppe Lo Papa, Italy, mail Treasurer: Prof. Dr. Wim Cornelis, Belgium, mail Editor Newsletter: Beata Hou\u0161kov\u00e1, Slovakia, mail Editor in chief: Vice president: Pandi Zdruli, Albania, mail Vice president: Bo\u0159ivoj \u0160arapatka, Czech Republic, mail Past president: Carmello Dazzi, Italy, mail Webpage administrator: Karol V\u00e9gh, Slovakia, mail<\/p>\n","protected":false},"author":1,"featured_media":0,"parent":0,"menu_order":0,"comment_status":"closed","ping_status":"closed","template":"","meta":{"_monsterinsights_skip_tracking":false,"_monsterinsights_sitenote_active":false,"_monsterinsights_sitenote_note":"","_monsterinsights_sitenote_category":0,"ngg_post_thumbnail":0,"footnotes":""},"class_list":["post-19","page","type-page","status-publish","hentry"],"yoast_head":"<!-- This site is optimized with the Yoast SEO plugin v26.3 - https:\/\/yoast.com\/wordpress\/plugins\/seo\/ -->\n<title>Contacts - European Society for Soil Conservation<\/title>\n<meta name=\"robots\" content=\"index, follow, max-snippet:-1, max-image-preview:large, max-video-preview:-1\" \/>\n<link rel=\"canonical\" href=\"https:\/\/www.soilconservation.eu\/new\/?page_id=19\" \/>\n<meta property=\"og:locale\" content=\"en_US\" \/>\n<meta property=\"og:type\" content=\"article\" \/>\n<meta property=\"og:title\" content=\"Contacts - European Society for Soil Conservation\" \/>\n<meta property=\"og:description\" content=\"President: Lillian \u00d8ygarden, Norway, mail Secretary: Giuseppe Lo Papa, Italy, mail Treasurer: Prof. Dr. Wim Cornelis, Belgium, mail Editor Newsletter: Beata Hou\u0161kov\u00e1, Slovakia, mail Editor in chief: Vice president: Pandi Zdruli, Albania, mail Vice president: Bo\u0159ivoj \u0160arapatka, Czech Republic, mail Past president: Carmello Dazzi, Italy, mail Webpage administrator: Karol V\u00e9gh, Slovakia, mail\" \/>\n<meta property=\"og:url\" content=\"https:\/\/www.soilconservation.eu\/new\/?page_id=19\" \/>\n<meta property=\"og:site_name\" content=\"European Society for Soil Conservation\" \/>\n<meta property=\"article:modified_time\" content=\"2025-02-14T16:35:13+00:00\" \/>\n<meta name=\"twitter:card\" content=\"summary_large_image\" \/>\n<meta name=\"twitter:label1\" content=\"Est. reading time\" \/>\n\t<meta name=\"twitter:data1\" content=\"1 minute\" \/>\n<script type=\"application\/ld+json\" class=\"yoast-schema-graph\">{\"@context\":\"https:\/\/schema.org\",\"@graph\":[{\"@type\":\"WebPage\",\"@id\":\"https:\/\/www.soilconservation.eu\/new\/?page_id=19\",\"url\":\"https:\/\/www.soilconservation.eu\/new\/?page_id=19\",\"name\":\"Contacts - European Society for Soil Conservation\",\"isPartOf\":{\"@id\":\"https:\/\/www.soilconservation.eu\/new\/#website\"},\"datePublished\":\"2023-11-12T17:21:24+00:00\",\"dateModified\":\"2025-02-14T16:35:13+00:00\",\"breadcrumb\":{\"@id\":\"https:\/\/www.soilconservation.eu\/new\/?page_id=19#breadcrumb\"},\"inLanguage\":\"en-US\",\"potentialAction\":[{\"@type\":\"ReadAction\",\"target\":[\"https:\/\/www.soilconservation.eu\/new\/?page_id=19\"]}]},{\"@type\":\"BreadcrumbList\",\"@id\":\"https:\/\/www.soilconservation.eu\/new\/?page_id=19#breadcrumb\",\"itemListElement\":[{\"@type\":\"ListItem\",\"position\":1,\"name\":\"Home\",\"item\":\"https:\/\/www.soilconservation.eu\/new\"},{\"@type\":\"ListItem\",\"position\":2,\"name\":\"Contacts\"}]},{\"@type\":\"WebSite\",\"@id\":\"https:\/\/www.soilconservation.eu\/new\/#website\",\"url\":\"https:\/\/www.soilconservation.eu\/new\/\",\"name\":\"European Society for Soil Conservation\",\"description\":\"\",\"publisher\":{\"@id\":\"https:\/\/www.soilconservation.eu\/new\/#organization\"},\"potentialAction\":[{\"@type\":\"SearchAction\",\"target\":{\"@type\":\"EntryPoint\",\"urlTemplate\":\"https:\/\/www.soilconservation.eu\/new\/?s={search_term_string}\"},\"query-input\":{\"@type\":\"PropertyValueSpecification\",\"valueRequired\":true,\"valueName\":\"search_term_string\"}}],\"inLanguage\":\"en-US\"},{\"@type\":\"Organization\",\"@id\":\"https:\/\/www.soilconservation.eu\/new\/#organization\",\"name\":\"European Society for Soil Conservation\",\"url\":\"https:\/\/www.soilconservation.eu\/new\/\",\"logo\":{\"@type\":\"ImageObject\",\"inLanguage\":\"en-US\",\"@id\":\"https:\/\/www.soilconservation.eu\/new\/#\/schema\/logo\/image\/\",\"url\":\"https:\/\/www.soilconservation.eu\/new\/wp-content\/uploads\/2024\/04\/essc_blue.png\",\"contentUrl\":\"https:\/\/www.soilconservation.eu\/new\/wp-content\/uploads\/2024\/04\/essc_blue.png\",\"width\":200,\"height\":35,\"caption\":\"European Society for Soil Conservation\"},\"image\":{\"@id\":\"https:\/\/www.soilconservation.eu\/new\/#\/schema\/logo\/image\/\"}}]}<\/script>\n<!-- \/ Yoast SEO plugin. -->","yoast_head_json":{"title":"Contacts - European Society for Soil Conservation","robots":{"index":"index","follow":"follow","max-snippet":"max-snippet:-1","max-image-preview":"max-image-preview:large","max-video-preview":"max-video-preview:-1"},"canonical":"https:\/\/www.soilconservation.eu\/new\/?page_id=19","og_locale":"en_US","og_type":"article","og_title":"Contacts - European Society for Soil Conservation","og_description":"President: Lillian \u00d8ygarden, Norway, mail Secretary: Giuseppe Lo Papa, Italy, mail Treasurer: Prof. Dr. Wim Cornelis, Belgium, mail Editor Newsletter: Beata Hou\u0161kov\u00e1, Slovakia, mail Editor in chief: Vice president: Pandi Zdruli, Albania, mail Vice president: Bo\u0159ivoj \u0160arapatka, Czech Republic, mail Past president: Carmello Dazzi, Italy, mail Webpage administrator: Karol V\u00e9gh, Slovakia, mail","og_url":"https:\/\/www.soilconservation.eu\/new\/?page_id=19","og_site_name":"European Society for Soil Conservation","article_modified_time":"2025-02-14T16:35:13+00:00","twitter_card":"summary_large_image","twitter_misc":{"Est. reading time":"1 minute"},"schema":{"@context":"https:\/\/schema.org","@graph":[{"@type":"WebPage","@id":"https:\/\/www.soilconservation.eu\/new\/?page_id=19","url":"https:\/\/www.soilconservation.eu\/new\/?page_id=19","name":"Contacts - European Society for Soil Conservation","isPartOf":{"@id":"https:\/\/www.soilconservation.eu\/new\/#website"},"datePublished":"2023-11-12T17:21:24+00:00","dateModified":"2025-02-14T16:35:13+00:00","breadcrumb":{"@id":"https:\/\/www.soilconservation.eu\/new\/?page_id=19#breadcrumb"},"inLanguage":"en-US","potentialAction":[{"@type":"ReadAction","target":["https:\/\/www.soilconservation.eu\/new\/?page_id=19"]}]},{"@type":"BreadcrumbList","@id":"https:\/\/www.soilconservation.eu\/new\/?page_id=19#breadcrumb","itemListElement":[{"@type":"ListItem","position":1,"name":"Home","item":"https:\/\/www.soilconservation.eu\/new"},{"@type":"ListItem","position":2,"name":"Contacts"}]},{"@type":"WebSite","@id":"https:\/\/www.soilconservation.eu\/new\/#website","url":"https:\/\/www.soilconservation.eu\/new\/","name":"European Society for Soil Conservation","description":"","publisher":{"@id":"https:\/\/www.soilconservation.eu\/new\/#organization"},"potentialAction":[{"@type":"SearchAction","target":{"@type":"EntryPoint","urlTemplate":"https:\/\/www.soilconservation.eu\/new\/?s={search_term_string}"},"query-input":{"@type":"PropertyValueSpecification","valueRequired":true,"valueName":"search_term_string"}}],"inLanguage":"en-US"},{"@type":"Organization","@id":"https:\/\/www.soilconservation.eu\/new\/#organization","name":"European Society for Soil Conservation","url":"https:\/\/www.soilconservation.eu\/new\/","logo":{"@type":"ImageObject","inLanguage":"en-US","@id":"https:\/\/www.soilconservation.eu\/new\/#\/schema\/logo\/image\/","url":"https:\/\/www.soilconservation.eu\/new\/wp-content\/uploads\/2024\/04\/essc_blue.png","contentUrl":"https:\/\/www.soilconservation.eu\/new\/wp-content\/uploads\/2024\/04\/essc_blue.png","width":200,"height":35,"caption":"European Society for Soil Conservation"},"image":{"@id":"https:\/\/www.soilconservation.eu\/new\/#\/schema\/logo\/image\/"}}]}},"_links":{"self":[{"href":"https:\/\/www.soilconservation.eu\/new\/index.php?rest_route=\/wp\/v2\/pages\/19","targetHints":{"allow":["GET"]}}],"collection":[{"href":"https:\/\/www.soilconservation.eu\/new\/index.php?rest_route=\/wp\/v2\/pages"}],"about":[{"href":"https:\/\/www.soilconservation.eu\/new\/index.php?rest_route=\/wp\/v2\/types\/page"}],"author":[{"embeddable":true,"href":"https:\/\/www.soilconservation.eu\/new\/index.php?rest_route=\/wp\/v2\/users\/1"}],"replies":[{"embeddable":true,"href":"https:\/\/www.soilconservation.eu\/new\/index.php?rest_route=%2Fwp%2Fv2%2Fcomments&post=19"}],"version-history":[{"count":6,"href":"https:\/\/www.soilconservation.eu\/new\/index.php?rest_route=\/wp\/v2\/pages\/19\/revisions"}],"predecessor-version":[{"id":411,"href":"https:\/\/www.soilconservation.eu\/new\/index.php?rest_route=\/wp\/v2\/pages\/19\/revisions\/411"}],"wp:attachment":[{"href":"https:\/\/www.soilconservation.eu\/new\/index.php?rest_route=%2Fwp%2Fv2%2Fmedia&parent=19"}],"curies":[{"name":"wp","href":"https:\/\/api.w.org\/{rel}","templated":true}]}}