{"id":127,"date":"2023-11-25T15:24:09","date_gmt":"2023-11-25T15:24:09","guid":{"rendered":"https:\/\/www.soilconservation.eu\/new\/?page_id=127"},"modified":"2025-02-14T16:35:13","modified_gmt":"2025-02-14T16:35:13","slug":"board","status":"publish","type":"page","link":"https:\/\/www.soilconservation.eu\/new\/?page_id=127","title":{"rendered":"Board"},"content":{"rendered":"<p class=\"ts07-Zakladny-text-dolava Bez-zmeny-cierne\">The NEWSLETTER is published by the Editorial Board<\/p>\n<p class=\"ts07-Zakladny-text-dolava Bez-zmeny\">Editor in Chief <a class=\"nonblock\" href=\"mailto:m.fullen@wlv.ac.uk\" target=\"_blank\" rel=\"noopener\"><span id=\"u5574-5\">Prof. Dr Michael A. Fullen,<\/span><\/a>&nbsp;Faculty of Science and Engineering The University of Wolverhampton Wulfruna Street Wolverhampton WV1 1LY, UK<\/p>\n<p class=\"ts07-Zakladny-text-dolava Bez-zmeny\">Assistant Editor <a class=\"nonblock\" href=\"mailto:colin.booth@uwe.ac.uk\"><span id=\"u5574-11\">Dr Colin A. Booth,<\/span><\/a>&nbsp;University of the West of England (UWE), Bristol, UK<\/p>\n<p class=\"ts01-Zakladny-text-do-bloku Bez-zmeny\">Produced and composed by the Editor-in-Chief at The University of Wolverhampton (U.K.) Printed by <a class=\"nonblock\" href=\"http:\/\/www.nppc.sk\/\" target=\"_blank\" rel=\"noopener\">The National Agriculture and Food Centre<\/a>&nbsp;\u2013 <a class=\"nonblock\" href=\"http:\/\/www.vupop.sk\/\" target=\"_blank\" rel=\"noopener\">Soil Science and Conservation Research Institute<\/a>&nbsp;\u201e<a class=\"nonblock\" href=\"http:\/\/www.nppc.sk\/\" target=\"_blank\" rel=\"noopener\">N\u00e1rodn\u00e9 po\u013enohospod\u00e1rske a potravin\u00e1rske centrum<\/a>&nbsp;\u2013 <a class=\"nonblock\" href=\"http:\/\/www.vupop.sk\/\" target=\"_blank\" rel=\"noopener\">V\u00fdskumn\u00fd \u00fastav p\u00f4doznalectva a ochrany p\u00f4dy, Bratislava<\/a>\u201c (Slovakia).<\/p>\n","protected":false},"excerpt":{"rendered":"<p>The NEWSLETTER is published by the Editorial Board Editor in Chief Prof. Dr Michael A. Fullen,&nbsp;Faculty of Science and Engineering The University of Wolverhampton Wulfruna Street Wolverhampton WV1 1LY, UK Assistant Editor Dr Colin A. Booth,&nbsp;University of the West of England (UWE), Bristol, UK Produced and composed by the Editor-in-Chief at The University of Wolverhampton &hellip;<br \/><a href=\"https:\/\/www.soilconservation.eu\/new\/?page_id=127\" class=\"more-link pen_button pen_element_default pen_icon_arrow_double\">Continue reading <span class=\"screen-reader-text\">Board<\/span><\/a><\/p>\n","protected":false},"author":1,"featured_media":0,"parent":94,"menu_order":0,"comment_status":"closed","ping_status":"closed","template":"","meta":{"_monsterinsights_skip_tracking":false,"_monsterinsights_sitenote_active":false,"_monsterinsights_sitenote_note":"","_monsterinsights_sitenote_category":0,"ngg_post_thumbnail":0,"footnotes":""},"class_list":["post-127","page","type-page","status-publish","hentry"],"yoast_head":"<!-- This site is optimized with the Yoast SEO plugin v26.3 - https:\/\/yoast.com\/wordpress\/plugins\/seo\/ -->\n<title>Board - European Society for Soil Conservation<\/title>\n<meta name=\"robots\" content=\"index, follow, max-snippet:-1, max-image-preview:large, max-video-preview:-1\" \/>\n<link rel=\"canonical\" href=\"https:\/\/www.soilconservation.eu\/new\/?page_id=127\" \/>\n<meta property=\"og:locale\" content=\"en_US\" \/>\n<meta property=\"og:type\" content=\"article\" \/>\n<meta property=\"og:title\" content=\"Board - European Society for Soil Conservation\" \/>\n<meta property=\"og:description\" content=\"The NEWSLETTER is published by the Editorial Board Editor in Chief Prof. Dr Michael A. Fullen,&nbsp;Faculty of Science and Engineering The University of Wolverhampton Wulfruna Street Wolverhampton WV1 1LY, UK Assistant Editor Dr Colin A. Booth,&nbsp;University of the West of England (UWE), Bristol, UK Produced and composed by the Editor-in-Chief at The University of Wolverhampton &hellip;Continue reading Board\" \/>\n<meta property=\"og:url\" content=\"https:\/\/www.soilconservation.eu\/new\/?page_id=127\" \/>\n<meta property=\"og:site_name\" content=\"European Society for Soil Conservation\" \/>\n<meta property=\"article:modified_time\" content=\"2025-02-14T16:35:13+00:00\" \/>\n<meta name=\"twitter:card\" content=\"summary_large_image\" \/>\n<meta name=\"twitter:label1\" content=\"Est. reading time\" \/>\n\t<meta name=\"twitter:data1\" content=\"1 minute\" \/>\n<script type=\"application\/ld+json\" class=\"yoast-schema-graph\">{\"@context\":\"https:\/\/schema.org\",\"@graph\":[{\"@type\":\"WebPage\",\"@id\":\"https:\/\/www.soilconservation.eu\/new\/?page_id=127\",\"url\":\"https:\/\/www.soilconservation.eu\/new\/?page_id=127\",\"name\":\"Board - European Society for Soil Conservation\",\"isPartOf\":{\"@id\":\"https:\/\/www.soilconservation.eu\/new\/#website\"},\"datePublished\":\"2023-11-25T15:24:09+00:00\",\"dateModified\":\"2025-02-14T16:35:13+00:00\",\"breadcrumb\":{\"@id\":\"https:\/\/www.soilconservation.eu\/new\/?page_id=127#breadcrumb\"},\"inLanguage\":\"en-US\",\"potentialAction\":[{\"@type\":\"ReadAction\",\"target\":[\"https:\/\/www.soilconservation.eu\/new\/?page_id=127\"]}]},{\"@type\":\"BreadcrumbList\",\"@id\":\"https:\/\/www.soilconservation.eu\/new\/?page_id=127#breadcrumb\",\"itemListElement\":[{\"@type\":\"ListItem\",\"position\":1,\"name\":\"Home\",\"item\":\"https:\/\/www.soilconservation.eu\/new\"},{\"@type\":\"ListItem\",\"position\":2,\"name\":\"Newsletter\",\"item\":\"https:\/\/www.soilconservation.eu\/new\/?page_id=94\"},{\"@type\":\"ListItem\",\"position\":3,\"name\":\"Board\"}]},{\"@type\":\"WebSite\",\"@id\":\"https:\/\/www.soilconservation.eu\/new\/#website\",\"url\":\"https:\/\/www.soilconservation.eu\/new\/\",\"name\":\"European Society for Soil Conservation\",\"description\":\"\",\"publisher\":{\"@id\":\"https:\/\/www.soilconservation.eu\/new\/#organization\"},\"potentialAction\":[{\"@type\":\"SearchAction\",\"target\":{\"@type\":\"EntryPoint\",\"urlTemplate\":\"https:\/\/www.soilconservation.eu\/new\/?s={search_term_string}\"},\"query-input\":{\"@type\":\"PropertyValueSpecification\",\"valueRequired\":true,\"valueName\":\"search_term_string\"}}],\"inLanguage\":\"en-US\"},{\"@type\":\"Organization\",\"@id\":\"https:\/\/www.soilconservation.eu\/new\/#organization\",\"name\":\"European Society for Soil Conservation\",\"url\":\"https:\/\/www.soilconservation.eu\/new\/\",\"logo\":{\"@type\":\"ImageObject\",\"inLanguage\":\"en-US\",\"@id\":\"https:\/\/www.soilconservation.eu\/new\/#\/schema\/logo\/image\/\",\"url\":\"https:\/\/www.soilconservation.eu\/new\/wp-content\/uploads\/2024\/04\/essc_blue.png\",\"contentUrl\":\"https:\/\/www.soilconservation.eu\/new\/wp-content\/uploads\/2024\/04\/essc_blue.png\",\"width\":200,\"height\":35,\"caption\":\"European Society for Soil Conservation\"},\"image\":{\"@id\":\"https:\/\/www.soilconservation.eu\/new\/#\/schema\/logo\/image\/\"}}]}<\/script>\n<!-- \/ Yoast SEO plugin. -->","yoast_head_json":{"title":"Board - European Society for Soil Conservation","robots":{"index":"index","follow":"follow","max-snippet":"max-snippet:-1","max-image-preview":"max-image-preview:large","max-video-preview":"max-video-preview:-1"},"canonical":"https:\/\/www.soilconservation.eu\/new\/?page_id=127","og_locale":"en_US","og_type":"article","og_title":"Board - European Society for Soil Conservation","og_description":"The NEWSLETTER is published by the Editorial Board Editor in Chief Prof. Dr Michael A. Fullen,&nbsp;Faculty of Science and Engineering The University of Wolverhampton Wulfruna Street Wolverhampton WV1 1LY, UK Assistant Editor Dr Colin A. Booth,&nbsp;University of the West of England (UWE), Bristol, UK Produced and composed by the Editor-in-Chief at The University of Wolverhampton &hellip;Continue reading Board","og_url":"https:\/\/www.soilconservation.eu\/new\/?page_id=127","og_site_name":"European Society for Soil Conservation","article_modified_time":"2025-02-14T16:35:13+00:00","twitter_card":"summary_large_image","twitter_misc":{"Est. reading time":"1 minute"},"schema":{"@context":"https:\/\/schema.org","@graph":[{"@type":"WebPage","@id":"https:\/\/www.soilconservation.eu\/new\/?page_id=127","url":"https:\/\/www.soilconservation.eu\/new\/?page_id=127","name":"Board - European Society for Soil Conservation","isPartOf":{"@id":"https:\/\/www.soilconservation.eu\/new\/#website"},"datePublished":"2023-11-25T15:24:09+00:00","dateModified":"2025-02-14T16:35:13+00:00","breadcrumb":{"@id":"https:\/\/www.soilconservation.eu\/new\/?page_id=127#breadcrumb"},"inLanguage":"en-US","potentialAction":[{"@type":"ReadAction","target":["https:\/\/www.soilconservation.eu\/new\/?page_id=127"]}]},{"@type":"BreadcrumbList","@id":"https:\/\/www.soilconservation.eu\/new\/?page_id=127#breadcrumb","itemListElement":[{"@type":"ListItem","position":1,"name":"Home","item":"https:\/\/www.soilconservation.eu\/new"},{"@type":"ListItem","position":2,"name":"Newsletter","item":"https:\/\/www.soilconservation.eu\/new\/?page_id=94"},{"@type":"ListItem","position":3,"name":"Board"}]},{"@type":"WebSite","@id":"https:\/\/www.soilconservation.eu\/new\/#website","url":"https:\/\/www.soilconservation.eu\/new\/","name":"European Society for Soil Conservation","description":"","publisher":{"@id":"https:\/\/www.soilconservation.eu\/new\/#organization"},"potentialAction":[{"@type":"SearchAction","target":{"@type":"EntryPoint","urlTemplate":"https:\/\/www.soilconservation.eu\/new\/?s={search_term_string}"},"query-input":{"@type":"PropertyValueSpecification","valueRequired":true,"valueName":"search_term_string"}}],"inLanguage":"en-US"},{"@type":"Organization","@id":"https:\/\/www.soilconservation.eu\/new\/#organization","name":"European Society for Soil Conservation","url":"https:\/\/www.soilconservation.eu\/new\/","logo":{"@type":"ImageObject","inLanguage":"en-US","@id":"https:\/\/www.soilconservation.eu\/new\/#\/schema\/logo\/image\/","url":"https:\/\/www.soilconservation.eu\/new\/wp-content\/uploads\/2024\/04\/essc_blue.png","contentUrl":"https:\/\/www.soilconservation.eu\/new\/wp-content\/uploads\/2024\/04\/essc_blue.png","width":200,"height":35,"caption":"European Society for Soil Conservation"},"image":{"@id":"https:\/\/www.soilconservation.eu\/new\/#\/schema\/logo\/image\/"}}]}},"_links":{"self":[{"href":"https:\/\/www.soilconservation.eu\/new\/index.php?rest_route=\/wp\/v2\/pages\/127","targetHints":{"allow":["GET"]}}],"collection":[{"href":"https:\/\/www.soilconservation.eu\/new\/index.php?rest_route=\/wp\/v2\/pages"}],"about":[{"href":"https:\/\/www.soilconservation.eu\/new\/index.php?rest_route=\/wp\/v2\/types\/page"}],"author":[{"embeddable":true,"href":"https:\/\/www.soilconservation.eu\/new\/index.php?rest_route=\/wp\/v2\/users\/1"}],"replies":[{"embeddable":true,"href":"https:\/\/www.soilconservation.eu\/new\/index.php?rest_route=%2Fwp%2Fv2%2Fcomments&post=127"}],"version-history":[{"count":2,"href":"https:\/\/www.soilconservation.eu\/new\/index.php?rest_route=\/wp\/v2\/pages\/127\/revisions"}],"predecessor-version":[{"id":129,"href":"https:\/\/www.soilconservation.eu\/new\/index.php?rest_route=\/wp\/v2\/pages\/127\/revisions\/129"}],"up":[{"embeddable":true,"href":"https:\/\/www.soilconservation.eu\/new\/index.php?rest_route=\/wp\/v2\/pages\/94"}],"wp:attachment":[{"href":"https:\/\/www.soilconservation.eu\/new\/index.php?rest_route=%2Fwp%2Fv2%2Fmedia&parent=127"}],"curies":[{"name":"wp","href":"https:\/\/api.w.org\/{rel}","templated":true}]}}